{"id":13,"date":"2012-08-23T11:32:55","date_gmt":"2012-08-23T11:32:55","guid":{"rendered":"http:\/\/www.euro-shipping.com.pl\/?page_id=13"},"modified":"2025-04-22T05:38:52","modified_gmt":"2025-04-22T05:38:52","slug":"o-firmie","status":"publish","type":"page","link":"http:\/\/www.euro-shipping.com.pl\/","title":{"rendered":"O FIRMIE"},"content":{"rendered":"[et_pb_section fb_built=&#8221;1&#8243; fullwidth=&#8221;on&#8221; admin_label=&#8221;FLAGI &#8211; ZMIANA J\u0118ZYKA&#8221; _builder_version=&#8221;4.27.4&#8243; _module_preset=&#8221;default&#8221; background_color=&#8221;#000000&#8243; custom_margin=&#8221;0px||0px||false|false&#8221; custom_padding=&#8221;0px||0px||false|false&#8221; global_module=&#8221;4674&#8243; saved_tabs=&#8221;all&#8221; collapsed=&#8221;on&#8221; global_colors_info=&#8221;{}&#8221;][et_pb_fullwidth_code _builder_version=&#8221;4.27.4&#8243; _module_preset=&#8221;default&#8221; text_orientation=&#8221;center&#8221; custom_margin=&#8221;0px||0px||false|false&#8221; custom_padding=&#8221;0px||0px||false|false&#8221; global_colors_info=&#8221;{}&#8221;]<div class=\"gtranslate_wrapper\" id=\"gt-wrapper-38467228\"><\/div>[\/et_pb_fullwidth_code][\/et_pb_section][et_pb_section fb_built=&#8221;1&#8243; next_background_color=&#8221;#ffffff&#8221; _builder_version=&#8221;4.27.4&#8243; _module_preset=&#8221;default&#8221; background_image=&#8221;http:\/\/www.euro-shipping.com.pl\/wp-content\/uploads\/2025\/02\/kontenerowiec4.jpg&#8221; parallax=&#8221;on&#8221; custom_padding=&#8221;175px||175px|||&#8221; bottom_divider_style=&#8221;slant&#8221; bottom_divider_height=&#8221;75px&#8221; bottom_divider_repeat=&#8221;1x&#8221; bottom_divider_flip=&#8221;horizontal&#8221; global_colors_info=&#8221;{}&#8221;][et_pb_row _builder_version=&#8221;4.27.4&#8243; _module_preset=&#8221;default&#8221; global_colors_info=&#8221;{}&#8221;][et_pb_column type=&#8221;4_4&#8243; _builder_version=&#8221;4.27.4&#8243; _module_preset=&#8221;default&#8221; global_colors_info=&#8221;{}&#8221;][et_pb_heading title=&#8221;SPEDYCJA  TRANSPORT  LOGISTYKA&#8221; _builder_version=&#8221;4.27.4&#8243; _module_preset=&#8221;default&#8221; title_font=&#8221;|700|||||||&#8221; title_text_align=&#8221;center&#8221; title_text_color=&#8221;#FFFFFF&#8221; title_font_size=&#8221;45px&#8221; background_color=&#8221;rgba(17,17,17,0.57)&#8221; custom_padding=&#8221;30px|50px|30px|50px|false|false&#8221; title_font_size_tablet=&#8221;45px&#8221; title_font_size_phone=&#8221;26px&#8221; title_font_size_last_edited=&#8221;on|phone&#8221; global_colors_info=&#8221;{}&#8221;][\/et_pb_heading][\/et_pb_column][\/et_pb_row][\/et_pb_section][et_pb_section fb_built=&#8221;1&#8243; _builder_version=&#8221;4.27.4&#8243; background_enable_image=&#8221;off&#8221; background_enable_pattern_style=&#8221;on&#8221; background_pattern_color=&#8221;rgba(0,0,0,0.02)&#8221; global_colors_info=&#8221;{}&#8221;][et_pb_row column_structure=&#8221;1_3,1_3,1_3&#8243; _builder_version=&#8221;4.27.4&#8243; _module_preset=&#8221;default&#8221; global_colors_info=&#8221;{}&#8221;][et_pb_column type=&#8221;1_3&#8243; _builder_version=&#8221;4.27.4&#8243; _module_preset=&#8221;default&#8221; global_colors_info=&#8221;{}&#8221;][et_pb_text _builder_version=&#8221;4.27.4&#8243; _module_preset=&#8221;default&#8221; global_colors_info=&#8221;{}&#8221;]\n<h2><em><strong>O Firmie<\/strong><\/em><\/h2>\n<p>Euro Shipping Sp. z o.o. jest firma spedycyjn\u0105 z siedzib\u0105 w Gdynia \/ Polska,\u00a0\u015bwiadcz\u0105c\u0105 kompleksowe\u00a0us\u0142ugi spedycyjne \u0142adunk\u00f3w w imporcie oraz eksporcie. Oferujemy naszym klientom kompleksowe us\u0142ugi TSL w zakresie spedycja kontenerowa, spedycja morska,\u00a0frachty kontenerowe, frachty drobnicowe, frachty lotnicze, us\u0142ugi logistyczne i\u00a0transportowe, transport kontenerowy\u00a0oraz wszelkie dodatkowe us\u0142ugi zapewniaj\u0105ce sprawn\u0105 realizacje us\u0142ug spedycyjnych i transportowych. Zapraszamy do zapoznania si\u0119 z nasz\u0105 bogat\u0105 i kompleksow\u0105 ofert\u0105\u00a0us\u0142ug spedycyjnych\u00a0oraz transportowych. Spedycja morska b\u0119d\u0105ca integralnym elementem transportu morskiego\u00a0to nasza specjalno\u015b\u0107.<\/p>\n[\/et_pb_text][\/et_pb_column][et_pb_column type=&#8221;1_3&#8243; _builder_version=&#8221;4.27.4&#8243; _module_preset=&#8221;default&#8221; global_colors_info=&#8221;{}&#8221;][et_pb_text _builder_version=&#8221;4.27.4&#8243; _module_preset=&#8221;default&#8221; global_colors_info=&#8221;{}&#8221;]\n<h2><em><strong>Dlaczego My<\/strong><\/em><\/h2>\n<p>Pracuj\u0105c w gronie profesjonalist\u00f3w w zakresie\u00a0spedycja morska i spedycja kontenerowa s\u0142u\u017cymy Pa\u0144stwu pomoc\u0105, fachowym\u00a0doradztwem spedycyjnym i\u00a0transportowym\u00a0oraz ca\u0142ym naszym bogatym do\u015bwiadczeniem. Kompleksowo obs\u0142ugujemy firmy z r\u00f3\u017cnych ga\u0142\u0119zi handlu i przemys\u0142u.\u00a0Oferujemy nasze sprawdzone rozwi\u0105zania z zakresu logistyki oraz spedycji krajowej i mi\u0119dzynarodowej. Jeste\u015bmy do Pa\u0144stwa dyspozycji na ka\u017cdym etapie realizacji kompleksowych us\u0142ug spedycyjnych.Naszym atutem jest bogate, kilkudziesi\u0119cioletnie do\u015bwiadczenie na rynku przewoz\u00f3w kontenerowych, pe\u0142en profesjonalizm oraz konkurencyjna oferta cenowa, wyb\u00f3r najkorzystniejszych stawek\u00a0frachtowych\u00a0oraz preferencyjne stawki frachtowe dla sta\u0142ych klient\u00f3w. Elastycznie dostosowujemy nasze\u00a0rozwi\u0105zania do Pa\u0144stwa indywidualnych potrzeb.<\/p>\n[\/et_pb_text][\/et_pb_column][et_pb_column type=&#8221;1_3&#8243; _builder_version=&#8221;4.27.4&#8243; _module_preset=&#8221;default&#8221; global_colors_info=&#8221;{}&#8221;][et_pb_text _builder_version=&#8221;4.27.4&#8243; _module_preset=&#8221;default&#8221; global_colors_info=&#8221;{}&#8221;]\n<h2><em><strong>Misja<\/strong><\/em><\/h2>\n<p>Misj\u0105 naszej firmy jest zapewnianie naszym klientom us\u0142ug dostosowanych do ich potrzeb oraz zapewnienie optymalnych rozwi\u0105za\u0144 spedycyjnych, transportowych i logistycznych\u00a0po najbardziej atrakcyjnych kosztach.<\/p>\n<p><strong><a href=\"http:\/\/www.euro-shipping.com.pl\/?page_id=2118\" target=\"_blank\" rel=\"noopener\">ZAPYTAJ O WYCEN\u0118<\/a><\/strong><\/p>\n[\/et_pb_text][\/et_pb_column][\/et_pb_row][\/et_pb_section][et_pb_section fb_built=&#8221;1&#8243; inner_shadow=&#8221;on&#8221; _builder_version=&#8221;4.27.4&#8243; _module_preset=&#8221;default&#8221; background_image=&#8221;http:\/\/www.euro-shipping.com.pl\/wp-content\/uploads\/2025\/02\/spedycja.jpg&#8221; parallax=&#8221;on&#8221; custom_padding=&#8221;145px||111px|||&#8221; global_colors_info=&#8221;{}&#8221;][et_pb_row column_structure=&#8221;1_5,3_5,1_5&#8243; _builder_version=&#8221;4.27.4&#8243; _module_preset=&#8221;default&#8221; global_colors_info=&#8221;{}&#8221;][et_pb_column type=&#8221;1_5&#8243; _builder_version=&#8221;4.27.4&#8243; _module_preset=&#8221;default&#8221; global_colors_info=&#8221;{}&#8221;][\/et_pb_column][et_pb_column type=&#8221;3_5&#8243; _builder_version=&#8221;4.27.4&#8243; _module_preset=&#8221;default&#8221; global_colors_info=&#8221;{}&#8221;][et_pb_text _builder_version=&#8221;4.27.4&#8243; _module_preset=&#8221;default&#8221; header_2_font=&#8221;|800|||||||&#8221; header_2_text_align=&#8221;center&#8221; header_2_text_color=&#8221;#FFFFFF&#8221; header_2_font_size=&#8221;56px&#8221; header_3_font=&#8221;|700|||||||&#8221; header_3_text_align=&#8221;center&#8221; header_3_text_color=&#8221;#FFFFFF&#8221; header_3_font_size=&#8221;33px&#8221; background_color=&#8221;rgba(0,0,0,0.59)&#8221; custom_margin=&#8221;||||false|false&#8221; custom_padding=&#8221;50px|50px|50px|50px|false|false&#8221; animation_style=&#8221;fade&#8221; hover_enabled=&#8221;0&#8243; header_2_font_size_tablet=&#8221;56px&#8221; header_2_font_size_phone=&#8221;36px&#8221; header_2_font_size_last_edited=&#8221;on|phone&#8221; header_3_font_size_tablet=&#8221;33px&#8221; header_3_font_size_phone=&#8221;20px&#8221; header_3_font_size_last_edited=&#8221;on|phone&#8221; header_2_text_shadow_style=&#8221;preset2&#8243; header_3_text_shadow_style=&#8221;preset5&#8243; box_shadow_style=&#8221;preset2&#8243; global_colors_info=&#8221;{}&#8221; sticky_enabled=&#8221;0&#8243;]\n<h2><b>KOMPLEKSOWE USLUGI SPEDYCYJNE IMPORT &#8211; EXPORT<\/b><\/h2>\n[\/et_pb_text][\/et_pb_column][et_pb_column type=&#8221;1_5&#8243; _builder_version=&#8221;4.27.4&#8243; _module_preset=&#8221;default&#8221; global_colors_info=&#8221;{}&#8221;][\/et_pb_column][\/et_pb_row][\/et_pb_section][et_pb_section fb_built=&#8221;1&#8243; fullwidth=&#8221;on&#8221; _builder_version=&#8221;4.27.4&#8243; _module_preset=&#8221;default&#8221; global_colors_info=&#8221;{}&#8221;][et_pb_fullwidth_code _builder_version=&#8221;4.27.4&#8243; _module_preset=&#8221;default&#8221; global_colors_info=&#8221;{}&#8221;]<iframe src=\"https:\/\/www.google.com\/maps\/embed?pb=!1m18!1m12!1m3!1d37027.227191561054!2d18.4163366085646!3d54.547569786244736!2m3!1f0!2f0!3f0!3m2!1i1024!2i768!4f13.1!3m3!1m2!1s0x46fda69687eeca47%3A0xe3a52c58c6fd1d1b!2sEuro%20Shipping%20Sp.%20z%20o.o.!5e0!3m2!1spl!2spl!4v1739993037715!5m2!1spl!2spl\" width=\"100%\" height=\"450\" style=\"border:0;\" allowfullscreen=\"\" loading=\"lazy\" referrerpolicy=\"no-referrer-when-downgrade\"><\/iframe>[\/et_pb_fullwidth_code][\/et_pb_section]\n","protected":false},"excerpt":{"rendered":"<p><div class=\"gtranslate_wrapper\" id=\"gt-wrapper-47159804\"><\/div>O Firmie Euro Shipping Sp. z o.o. jest firma spedycyjn\u0105 z siedzib\u0105 w Gdynia \/ Polska,\u00a0\u015bwiadcz\u0105c\u0105 kompleksowe\u00a0us\u0142ugi spedycyjne \u0142adunk\u00f3w w imporcie oraz eksporcie. Oferujemy naszym klientom kompleksowe us\u0142ugi TSL w zakresie spedycja kontenerowa, spedycja morska,\u00a0frachty kontenerowe, frachty drobnicowe, frachty lotnicze, us\u0142ugi logistyczne i\u00a0transportowe, transport kontenerowy\u00a0oraz wszelkie dodatkowe us\u0142ugi zapewniaj\u0105ce sprawn\u0105 realizacje us\u0142ug spedycyjnych i transportowych. [&hellip;]<\/p>\n","protected":false},"author":1,"featured_media":0,"parent":0,"menu_order":1,"comment_status":"closed","ping_status":"closed","template":"","meta":{"_et_pb_use_builder":"on","_et_pb_old_content":"<div style=\"margin-left: 80px;\">[easingslider id=\"3617\"]<\/div><table border=\"0\" cellspacing=\"10\" cellpadding=\"15\"><tbody><tr valign=\"top\"><td style=\"text-align: left;\" width=\"300\"><span style=\"font-size: 16px;\"> <em> <strong> O Firmie<\/strong> <\/em> <\/span><\/td><td style=\"text-align: left;\" width=\"300\"><strong> <em> <span style=\"font-size: 16px;\"> Dlaczego My <\/span> <\/em> <\/strong><\/td><td style=\"text-align: left;\" width=\"300\"><strong> <em> <span style=\"font-size: 16px;\"> Misja <\/span> <\/em> <\/strong><\/td><\/tr><tr style=\"text-align: justify;\" valign=\"top\"><td style=\"text-align: left;\" valign=\"top\" width=\"300\"><p><span style=\"font-family: arial, helvetica, sans-serif; font-size: 14px;\">Euro Shipping Sp. z o.o. jest firma spedycyjn\u0105 z siedzib\u0105 w Gdynia \/ Polska,\u00a0\u015bwiadcz\u0105c\u0105 kompleksowe\u00a0us\u0142ugi spedycyjne \u0142adunk\u00f3w w imporcie oraz eksporcie. Oferujemy naszym klientom kompleksowe us\u0142ugi TSL w zakresie spedycja kontenerowa, spedycja morska,\u00a0frachty kontenerowe, frachty drobnicowe, frachty lotnicze, us\u0142ugi logistyczne i\u00a0transportowe, transport kontenerowy\u00a0oraz wszelkie dodatkowe us\u0142ugi zapewniaj\u0105ce sprawn\u0105 realizacje us\u0142ug spedycyjnych i transportowych. Zapraszamy do zapoznania si\u0119 z nasz\u0105 bogat\u0105 i kompleksow\u0105 ofert\u0105\u00a0us\u0142ug spedycyjnych\u00a0oraz transportowych. Spedycja morska b\u0119d\u0105ca integralnym elementem transportu morskiego\u00a0to nasza specjalno\u015b\u0107.<\/span><\/p><p>\u00a0<\/p><p><span style=\"font-size: 12pt;\"><strong><span style=\"font-family: arial, helvetica, sans-serif;\"><a style=\"color: #ff0000;\" href=\"http:\/\/www.euro-shipping.com.pl\/?page_id=2118\" target=\"_blank\" rel=\"noopener\">ZAPYTAJ O WYCEN\u0118<\/a><\/span><\/strong><\/span><\/p><\/td><td style=\"text-align: left;\" valign=\"top\" width=\"300\"><span style=\"font-family: arial, helvetica, sans-serif; font-size: 14px;\">Pracuj\u0105c w gronie profesjonalist\u00f3w w zakresie\u00a0spedycja morska i spedycja kontenerowa s\u0142u\u017cymy Pa\u0144stwu pomoc\u0105, fachowym\u00a0doradztwem spedycyjnym i\u00a0transportowym\u00a0oraz ca\u0142ym naszym bogatym do\u015bwiadczeniem. Kompleksowo obs\u0142ugujemy firmy z r\u00f3\u017cnych ga\u0142\u0119zi handlu i przemys\u0142u.\u00a0Oferujemy nasze sprawdzone rozwi\u0105zania z zakresu logistyki oraz spedycji krajowej i mi\u0119dzynarodowej. <\/span><span style=\"font-family: arial, helvetica, sans-serif; font-size: 14px;\">Jeste\u015bmy do Pa\u0144stwa dyspozycji na ka\u017cdym etapie realizacji kompleksowych us\u0142ug spedycyjnych.Naszym atutem jest bogate, kilkudziesi\u0119cioletnie do\u015bwiadczenie na rynku przewoz\u00f3w kontenerowych, pe\u0142en profesjonalizm oraz konkurencyjna oferta cenowa, wyb\u00f3r najkorzystniejszych stawek\u00a0frachtowych\u00a0oraz preferencyjne stawki frachtowe dla sta\u0142ych klient\u00f3w. Elastycznie dostosowujemy nasze\u00a0rozwi\u0105zania do Pa\u0144stwa indywidualnych potrzeb.<\/span><\/td><td style=\"text-align: left;\" valign=\"top\" width=\"300\"><span style=\"font-family: arial, helvetica, sans-serif; font-size: 14px;\">Misj\u0105 naszej firmy jest zapewnianie naszym klientom us\u0142ug dostosowanych do ich potrzeb oraz zapewnienie optymalnych rozwi\u0105za\u0144 spedycyjnych, transportowych i logistycznych\u00a0po najbardziej atrakcyjnych kosztach.<\/span><\/td><\/tr><\/tbody><\/table>","_et_gb_content_width":"","footnotes":""},"class_list":["post-13","page","type-page","status-publish","hentry"],"_links":{"self":[{"href":"http:\/\/www.euro-shipping.com.pl\/index.php?rest_route=\/wp\/v2\/pages\/13","targetHints":{"allow":["GET"]}}],"collection":[{"href":"http:\/\/www.euro-shipping.com.pl\/index.php?rest_route=\/wp\/v2\/pages"}],"about":[{"href":"http:\/\/www.euro-shipping.com.pl\/index.php?rest_route=\/wp\/v2\/types\/page"}],"author":[{"embeddable":true,"href":"http:\/\/www.euro-shipping.com.pl\/index.php?rest_route=\/wp\/v2\/users\/1"}],"replies":[{"embeddable":true,"href":"http:\/\/www.euro-shipping.com.pl\/index.php?rest_route=%2Fwp%2Fv2%2Fcomments&post=13"}],"version-history":[{"count":105,"href":"http:\/\/www.euro-shipping.com.pl\/index.php?rest_route=\/wp\/v2\/pages\/13\/revisions"}],"predecessor-version":[{"id":4706,"href":"http:\/\/www.euro-shipping.com.pl\/index.php?rest_route=\/wp\/v2\/pages\/13\/revisions\/4706"}],"wp:attachment":[{"href":"http:\/\/www.euro-shipping.com.pl\/index.php?rest_route=%2Fwp%2Fv2%2Fmedia&parent=13"}],"curies":[{"name":"wp","href":"https:\/\/api.w.org\/{rel}","templated":true}]}}