{"id":2118,"date":"2012-12-02T21:43:19","date_gmt":"2012-12-02T21:43:19","guid":{"rendered":"http:\/\/www.euro-shipping.com.pl\/?page_id=2118"},"modified":"2025-02-27T15:27:52","modified_gmt":"2025-02-27T15:27:52","slug":"formularz","status":"publish","type":"page","link":"http:\/\/www.euro-shipping.com.pl\/?page_id=2118","title":{"rendered":"FORMULARZ KONTAKTOWY"},"content":{"rendered":"[et_pb_section fb_built=&#8221;1&#8243; fullwidth=&#8221;on&#8221; admin_label=&#8221;FLAGI &#8211; ZMIANA J\u0118ZYKA&#8221; _builder_version=&#8221;4.27.4&#8243; _module_preset=&#8221;default&#8221; background_color=&#8221;#000000&#8243; custom_margin=&#8221;0px||0px||false|false&#8221; custom_padding=&#8221;0px||0px||false|false&#8221; saved_tabs=&#8221;all&#8221; collapsed=&#8221;on&#8221; global_colors_info=&#8221;{}&#8221; global_module=&#8221;4674&#8243; theme_builder_area=&#8221;post_content&#8221;][et_pb_fullwidth_code _builder_version=&#8221;4.27.4&#8243; _module_preset=&#8221;default&#8221; text_orientation=&#8221;center&#8221; custom_margin=&#8221;0px||0px||false|false&#8221; custom_padding=&#8221;0px||0px||false|false&#8221; global_colors_info=&#8221;{}&#8221; theme_builder_area=&#8221;post_content&#8221;]<div class=\"gtranslate_wrapper\" id=\"gt-wrapper-79241561\"><\/div>[\/et_pb_fullwidth_code][\/et_pb_section][et_pb_section fb_built=&#8221;1&#8243; admin_label=&#8221;section&#8221; _builder_version=&#8221;4.16&#8243; global_colors_info=&#8221;{}&#8221;][et_pb_row admin_label=&#8221;row&#8221; _builder_version=&#8221;4.16&#8243; background_size=&#8221;initial&#8221; background_position=&#8221;top_left&#8221; background_repeat=&#8221;repeat&#8221; global_colors_info=&#8221;{}&#8221;][et_pb_column type=&#8221;4_4&#8243; _builder_version=&#8221;4.16&#8243; custom_padding=&#8221;|||&#8221; global_colors_info=&#8221;{}&#8221; custom_padding__hover=&#8221;|||&#8221;][et_pb_text admin_label=&#8221;Text&#8221; _builder_version=&#8221;4.27.4&#8243; background_size=&#8221;initial&#8221; background_position=&#8221;top_left&#8221; background_repeat=&#8221;repeat&#8221; global_colors_info=&#8221;{}&#8221;]\n\n<div class=\"wpcf7 no-js\" id=\"wpcf7-f4455-o1\" lang=\"pl-PL\" dir=\"ltr\" data-wpcf7-id=\"4455\">\n<div class=\"screen-reader-response\"><p role=\"status\" aria-live=\"polite\" aria-atomic=\"true\"><\/p> <ul><\/ul><\/div>\n<form action=\"\/index.php?rest_route=%2Fwp%2Fv2%2Fpages%2F2118#wpcf7-f4455-o1\" method=\"post\" class=\"wpcf7-form init\" aria-label=\"Formularz kontaktowy\" novalidate=\"novalidate\" data-status=\"init\">\n<div style=\"display: none;\">\n<input type=\"hidden\" name=\"_wpcf7\" value=\"4455\" \/>\n<input type=\"hidden\" name=\"_wpcf7_version\" value=\"6.0.4\" \/>\n<input type=\"hidden\" name=\"_wpcf7_locale\" value=\"pl_PL\" \/>\n<input type=\"hidden\" name=\"_wpcf7_unit_tag\" value=\"wpcf7-f4455-o1\" \/>\n<input type=\"hidden\" name=\"_wpcf7_container_post\" value=\"0\" \/>\n<input type=\"hidden\" name=\"_wpcf7_posted_data_hash\" value=\"\" \/>\n<\/div>\n<div style=\"width:500px;\">\n\t<p><label> Twoje imi\u0119 i nazwisko*<br \/>\n<span class=\"wpcf7-form-control-wrap\" data-name=\"your-name\"><input size=\"40\" maxlength=\"400\" class=\"wpcf7-form-control wpcf7-text wpcf7-validates-as-required\" autocomplete=\"name\" aria-required=\"true\" aria-invalid=\"false\" value=\"\" type=\"text\" name=\"your-name\" \/><\/span> <\/label>\n\t<\/p>\n\t<p><label> Nazwa firmy<br \/>\n<span class=\"wpcf7-form-control-wrap\" data-name=\"firma\"><input size=\"40\" maxlength=\"400\" class=\"wpcf7-form-control wpcf7-text\" autocomplete=\"firma\" aria-invalid=\"false\" value=\"\" type=\"text\" name=\"firma\" \/><\/span> <\/label>\n\t<\/p>\n\t<p><label> Tw\u00f3j adres e-mail*<br \/>\n<span class=\"wpcf7-form-control-wrap\" data-name=\"your-email\"><input size=\"40\" maxlength=\"400\" class=\"wpcf7-form-control wpcf7-email wpcf7-validates-as-required wpcf7-text wpcf7-validates-as-email\" autocomplete=\"email\" aria-required=\"true\" aria-invalid=\"false\" value=\"\" type=\"email\" name=\"your-email\" \/><\/span> <\/label>\n\t<\/p>\n\t<p><label> Telefon kontaktowy<br \/>\n<span class=\"wpcf7-form-control-wrap\" data-name=\"telefon-kontaktowy\"><input size=\"40\" maxlength=\"400\" class=\"wpcf7-form-control wpcf7-text\" aria-invalid=\"false\" value=\"\" type=\"text\" name=\"telefon-kontaktowy\" \/><\/span> <\/label>\n\t<\/p>\n\t<p><label> Rodzaj us\u0142ugi<br \/>\n<span class=\"wpcf7-form-control-wrap\" data-name=\"rodzaj-uslugi\"><select class=\"wpcf7-form-control wpcf7-select\" aria-invalid=\"false\" name=\"rodzaj-uslugi\"><option value=\"Transport morski\">Transport morski<\/option><option value=\"Transport lotniczy\">Transport lotniczy<\/option><option value=\"Transport drogowy\">Transport drogowy<\/option><\/select><\/span> <\/label>\n\t<\/p>\n\t<p><label> Wysy\u0142ka drobnicowa LCL<br \/>\n<span class=\"wpcf7-form-control-wrap\" data-name=\"wysylka-drobnicowa\"><select class=\"wpcf7-form-control wpcf7-select\" aria-invalid=\"false\" name=\"wysylka-drobnicowa\"><option value=\"Tak\">Tak<\/option><option value=\"Nie\">Nie<\/option><\/select><\/span> <\/label><br \/>\n*w przypadku wysy\u0142ek LCL prosimy o sprecyzowanie rodzaju i ilo\u015bci opakowa\u0144, wagi i wymiar\u00f3w \u0142adunku (d\u0142. x szer. x wys.)\n\t<\/p>\n\t<p><label> Rodzaj kontenera dla wysy\u0142ek FCL<br \/>\n<span class=\"wpcf7-form-control-wrap\" data-name=\"rodzaj-kontenera\"><select class=\"wpcf7-form-control wpcf7-select\" aria-invalid=\"false\" name=\"rodzaj-kontenera\"><option value=\"\">-<\/option><option value=\"20 DV\">20 DV<\/option><option value=\"40 DV\">40 DV<\/option><option value=\"40 HC\">40 HC<\/option><option value=\"40 PW oraz 40 HCPW\">40 PW oraz 40 HCPW<\/option><option value=\"45\">45<\/option><option value=\"20 Open Top\">20 Open Top<\/option><option value=\"40 Open Top\">40 Open Top<\/option><option value=\"20 Flat\">20 Flat<\/option><option value=\"40 Flat\">40 Flat<\/option><option value=\"20 Reefer\">20 Reefer<\/option><option value=\"40 Reefer\">40 Reefer<\/option><\/select><\/span> <\/label><br \/>\n* w przypadku kontener\u00f3w specjalistycznych prosimy o sprecyzowanie wymiar\u00f3w \u0142adunku oraz wagi brutto, a dla kontener\u00f3w typu Reefer wymagan\u0105 temperatur\u0119\n\t<\/p>\n\t<p><label><br \/>\n<span class=\"wpcf7-form-control-wrap\" data-name=\"import\"><span class=\"wpcf7-form-control wpcf7-checkbox\"><span class=\"wpcf7-list-item first last\"><label><input type=\"checkbox\" name=\"import[]\" value=\"Import\" \/><span class=\"wpcf7-list-item-label\">Import<\/span><\/label><\/span><\/span><\/span> <\/label>\n\t<\/p>\n\t<p><label><br \/>\n<span class=\"wpcf7-form-control-wrap\" data-name=\"eskport\"><span class=\"wpcf7-form-control wpcf7-checkbox\"><span class=\"wpcf7-list-item first last\"><label><input type=\"checkbox\" name=\"eskport[]\" value=\"Export\" \/><span class=\"wpcf7-list-item-label\">Export<\/span><\/label><\/span><\/span><\/span> <\/label>\n\t<\/p>\n\t<p><label> Transport z<br \/>\n<span class=\"wpcf7-form-control-wrap\" data-name=\"transport-z\"><input size=\"40\" maxlength=\"400\" class=\"wpcf7-form-control wpcf7-text\" aria-invalid=\"false\" value=\"\" type=\"text\" name=\"transport-z\" \/><\/span> <\/label>\n\t<\/p>\n\t<p><label> Transport do<br \/>\n<span class=\"wpcf7-form-control-wrap\" data-name=\"transport-do\"><input size=\"40\" maxlength=\"400\" class=\"wpcf7-form-control wpcf7-text\" aria-invalid=\"false\" value=\"\" type=\"text\" name=\"transport-do\" \/><\/span> <\/label>\n\t<\/p>\n\t<p><label> Warunki dostawy<br \/>\n<span class=\"wpcf7-form-control-wrap\" data-name=\"warunki-dostawy\"><select class=\"wpcf7-form-control wpcf7-select\" aria-invalid=\"false\" name=\"warunki-dostawy\"><option value=\"\">---<\/option><option value=\"FCA\">FCA<\/option><option value=\"FAS\">FAS<\/option><option value=\"FOB\">FOB<\/option><option value=\"CFR\">CFR<\/option><option value=\"CIF\">CIF<\/option><option value=\"CPT\">CPT<\/option><option value=\"CIP\">CIP<\/option><option value=\"DAP\">DAP<\/option><option value=\"DAT\">DAT<\/option><option value=\"DDP\">DDP<\/option><option value=\"EXW\">EXW<\/option><\/select><\/span> <\/label>\n\t<\/p>\n\t<p><label> Nazwa towaru<br \/>\n<span class=\"wpcf7-form-control-wrap\" data-name=\"nazwa-towaru\"><input size=\"40\" maxlength=\"400\" class=\"wpcf7-form-control wpcf7-text\" aria-invalid=\"false\" value=\"\" type=\"text\" name=\"nazwa-towaru\" \/><\/span> <\/label>\n\t<\/p>\n\t<p><label> Twoje zapytanie (opcjonalne)<br \/>\n<span class=\"wpcf7-form-control-wrap\" data-name=\"your-message\"><textarea cols=\"40\" rows=\"10\" maxlength=\"2000\" class=\"wpcf7-form-control wpcf7-textarea\" aria-invalid=\"false\" name=\"your-message\"><\/textarea><\/span> <\/label>\n\t<\/p>\n\t<p><div id=\"cf7sr-69f58d7fd5b91\" class=\"cf7sr-g-recaptcha\" data-theme=\"light\" data-type=\"image\" data-size=\"normal\" data-sitekey=\"6LdjYXcrAAAAAEM5naRhbdQoNNi5PDc9EHuDwGGF\"><\/div><span class=\"wpcf7-form-control-wrap cf7sr-recaptcha\" data-name=\"cf7sr-recaptcha\"><input type=\"hidden\" name=\"cf7sr-recaptcha\" value=\"\" class=\"wpcf7-form-control\"><\/span>\n\t<\/p>\n\t<p><input class=\"wpcf7-form-control wpcf7-submit has-spinner\" type=\"submit\" value=\"Wy\u015blij\" \/>\n\t<\/p>\n<\/div><div class=\"wpcf7-response-output\" aria-hidden=\"true\"><\/div>\n<\/form>\n<\/div>\n\n<p>Klauzula <strong>RODO<\/strong>\u00a0 \/ do pobrania\u00a0<a href=\"http:\/\/www.euro-shipping.com.pl\/wp-content\/uploads\/2012\/09\/KLAUZULA-INFORMACYJNA-RODO.pdf\">KLAUZULA INFORMACYJNA RODO<\/a>\u00a0\/<\/p>\n[\/et_pb_text][\/et_pb_column][\/et_pb_row][\/et_pb_section]\n","protected":false},"excerpt":{"rendered":"<p><div class=\"gtranslate_wrapper\" id=\"gt-wrapper-76618271\"><\/div>\n<div class=\"wpcf7 no-js\" id=\"wpcf7-f4455-o2\" lang=\"pl-PL\" dir=\"ltr\" data-wpcf7-id=\"4455\">\n<div class=\"screen-reader-response\"><p role=\"status\" aria-live=\"polite\" aria-atomic=\"true\"><\/p> <ul><\/ul><\/div>\n<form action=\"\/index.php?rest_route=%2Fwp%2Fv2%2Fpages%2F2118#wpcf7-f4455-o2\" method=\"post\" class=\"wpcf7-form init\" aria-label=\"Formularz kontaktowy\" novalidate=\"novalidate\" data-status=\"init\">\n<div style=\"display: none;\">\n<input type=\"hidden\" name=\"_wpcf7\" value=\"4455\" \/>\n<input type=\"hidden\" name=\"_wpcf7_version\" value=\"6.0.4\" \/>\n<input type=\"hidden\" name=\"_wpcf7_locale\" value=\"pl_PL\" \/>\n<input type=\"hidden\" name=\"_wpcf7_unit_tag\" value=\"wpcf7-f4455-o2\" \/>\n<input type=\"hidden\" name=\"_wpcf7_container_post\" value=\"0\" \/>\n<input type=\"hidden\" name=\"_wpcf7_posted_data_hash\" value=\"\" \/>\n<\/div>\n<div style=\"width:500px;\">\n\t<p><label> Twoje imi\u0119 i nazwisko*<br \/>\n<span class=\"wpcf7-form-control-wrap\" data-name=\"your-name\"><input size=\"40\" maxlength=\"400\" class=\"wpcf7-form-control wpcf7-text wpcf7-validates-as-required\" autocomplete=\"name\" aria-required=\"true\" aria-invalid=\"false\" value=\"\" type=\"text\" name=\"your-name\" \/><\/span> <\/label>\n\t<\/p>\n\t<p><label> Nazwa firmy<br \/>\n<span class=\"wpcf7-form-control-wrap\" data-name=\"firma\"><input size=\"40\" maxlength=\"400\" class=\"wpcf7-form-control wpcf7-text\" autocomplete=\"firma\" aria-invalid=\"false\" value=\"\" type=\"text\" name=\"firma\" \/><\/span> <\/label>\n\t<\/p>\n\t<p><label> Tw\u00f3j adres e-mail*<br \/>\n<span class=\"wpcf7-form-control-wrap\" data-name=\"your-email\"><input size=\"40\" maxlength=\"400\" class=\"wpcf7-form-control wpcf7-email wpcf7-validates-as-required wpcf7-text wpcf7-validates-as-email\" autocomplete=\"email\" aria-required=\"true\" aria-invalid=\"false\" value=\"\" type=\"email\" name=\"your-email\" \/><\/span> <\/label>\n\t<\/p>\n\t<p><label> Telefon kontaktowy<br \/>\n<span class=\"wpcf7-form-control-wrap\" data-name=\"telefon-kontaktowy\"><input size=\"40\" maxlength=\"400\" class=\"wpcf7-form-control wpcf7-text\" aria-invalid=\"false\" value=\"\" type=\"text\" name=\"telefon-kontaktowy\" \/><\/span> <\/label>\n\t<\/p>\n\t<p><label> Rodzaj us\u0142ugi<br \/>\n<span class=\"wpcf7-form-control-wrap\" data-name=\"rodzaj-uslugi\"><select class=\"wpcf7-form-control wpcf7-select\" aria-invalid=\"false\" name=\"rodzaj-uslugi\"><option value=\"Transport morski\">Transport morski<\/option><option value=\"Transport lotniczy\">Transport lotniczy<\/option><option value=\"Transport drogowy\">Transport drogowy<\/option><\/select><\/span> <\/label>\n\t<\/p>\n\t<p><label> Wysy\u0142ka drobnicowa LCL<br \/>\n<span class=\"wpcf7-form-control-wrap\" data-name=\"wysylka-drobnicowa\"><select class=\"wpcf7-form-control wpcf7-select\" aria-invalid=\"false\" name=\"wysylka-drobnicowa\"><option value=\"Tak\">Tak<\/option><option value=\"Nie\">Nie<\/option><\/select><\/span> <\/label><br \/>\n*w przypadku wysy\u0142ek LCL prosimy o sprecyzowanie rodzaju i ilo\u015bci opakowa\u0144, wagi i wymiar\u00f3w \u0142adunku (d\u0142. x szer. x wys.)\n\t<\/p>\n\t<p><label> Rodzaj kontenera dla wysy\u0142ek FCL<br \/>\n<span class=\"wpcf7-form-control-wrap\" data-name=\"rodzaj-kontenera\"><select class=\"wpcf7-form-control wpcf7-select\" aria-invalid=\"false\" name=\"rodzaj-kontenera\"><option value=\"\">-<\/option><option value=\"20 DV\">20 DV<\/option><option value=\"40 DV\">40 DV<\/option><option value=\"40 HC\">40 HC<\/option><option value=\"40 PW oraz 40 HCPW\">40 PW oraz 40 HCPW<\/option><option value=\"45\">45<\/option><option value=\"20 Open Top\">20 Open Top<\/option><option value=\"40 Open Top\">40 Open Top<\/option><option value=\"20 Flat\">20 Flat<\/option><option value=\"40 Flat\">40 Flat<\/option><option value=\"20 Reefer\">20 Reefer<\/option><option value=\"40 Reefer\">40 Reefer<\/option><\/select><\/span> <\/label><br \/>\n* w przypadku kontener\u00f3w specjalistycznych prosimy o sprecyzowanie wymiar\u00f3w \u0142adunku oraz wagi brutto, a dla kontener\u00f3w typu Reefer wymagan\u0105 temperatur\u0119\n\t<\/p>\n\t<p><label><br \/>\n<span class=\"wpcf7-form-control-wrap\" data-name=\"import\"><span class=\"wpcf7-form-control wpcf7-checkbox\"><span class=\"wpcf7-list-item first last\"><label><input type=\"checkbox\" name=\"import[]\" value=\"Import\" \/><span class=\"wpcf7-list-item-label\">Import<\/span><\/label><\/span><\/span><\/span> <\/label>\n\t<\/p>\n\t<p><label><br \/>\n<span class=\"wpcf7-form-control-wrap\" data-name=\"eskport\"><span class=\"wpcf7-form-control wpcf7-checkbox\"><span class=\"wpcf7-list-item first last\"><label><input type=\"checkbox\" name=\"eskport[]\" value=\"Export\" \/><span class=\"wpcf7-list-item-label\">Export<\/span><\/label><\/span><\/span><\/span> <\/label>\n\t<\/p>\n\t<p><label> Transport z<br \/>\n<span class=\"wpcf7-form-control-wrap\" data-name=\"transport-z\"><input size=\"40\" maxlength=\"400\" class=\"wpcf7-form-control wpcf7-text\" aria-invalid=\"false\" value=\"\" type=\"text\" name=\"transport-z\" \/><\/span> <\/label>\n\t<\/p>\n\t<p><label> Transport do<br \/>\n<span class=\"wpcf7-form-control-wrap\" data-name=\"transport-do\"><input size=\"40\" maxlength=\"400\" class=\"wpcf7-form-control wpcf7-text\" aria-invalid=\"false\" value=\"\" type=\"text\" name=\"transport-do\" \/><\/span> <\/label>\n\t<\/p>\n\t<p><label> Warunki dostawy<br \/>\n<span class=\"wpcf7-form-control-wrap\" data-name=\"warunki-dostawy\"><select class=\"wpcf7-form-control wpcf7-select\" aria-invalid=\"false\" name=\"warunki-dostawy\"><option value=\"\">---<\/option><option value=\"FCA\">FCA<\/option><option value=\"FAS\">FAS<\/option><option value=\"FOB\">FOB<\/option><option value=\"CFR\">CFR<\/option><option value=\"CIF\">CIF<\/option><option value=\"CPT\">CPT<\/option><option value=\"CIP\">CIP<\/option><option value=\"DAP\">DAP<\/option><option value=\"DAT\">DAT<\/option><option value=\"DDP\">DDP<\/option><option value=\"EXW\">EXW<\/option><\/select><\/span> <\/label>\n\t<\/p>\n\t<p><label> Nazwa towaru<br \/>\n<span class=\"wpcf7-form-control-wrap\" data-name=\"nazwa-towaru\"><input size=\"40\" maxlength=\"400\" class=\"wpcf7-form-control wpcf7-text\" aria-invalid=\"false\" value=\"\" type=\"text\" name=\"nazwa-towaru\" \/><\/span> <\/label>\n\t<\/p>\n\t<p><label> Twoje zapytanie (opcjonalne)<br \/>\n<span class=\"wpcf7-form-control-wrap\" data-name=\"your-message\"><textarea cols=\"40\" rows=\"10\" maxlength=\"2000\" class=\"wpcf7-form-control wpcf7-textarea\" aria-invalid=\"false\" name=\"your-message\"><\/textarea><\/span> <\/label>\n\t<\/p>\n\t<p><div id=\"cf7sr-69f58d7fdb503\" class=\"cf7sr-g-recaptcha\" data-theme=\"light\" data-type=\"image\" data-size=\"normal\" data-sitekey=\"6LdjYXcrAAAAAEM5naRhbdQoNNi5PDc9EHuDwGGF\"><\/div><span class=\"wpcf7-form-control-wrap cf7sr-recaptcha\" data-name=\"cf7sr-recaptcha\"><input type=\"hidden\" name=\"cf7sr-recaptcha\" value=\"\" class=\"wpcf7-form-control\"><\/span>\n\t<\/p>\n\t<p><input class=\"wpcf7-form-control wpcf7-submit has-spinner\" type=\"submit\" value=\"Wy\u015blij\" \/>\n\t<\/p>\n<\/div><div class=\"wpcf7-response-output\" aria-hidden=\"true\"><\/div>\n<\/form>\n<\/div>\n Klauzula RODO\u00a0 \/ do pobrania\u00a0KLAUZULA INFORMACYJNA RODO\u00a0\/<\/p>\n","protected":false},"author":1,"featured_media":0,"parent":22,"menu_order":3,"comment_status":"closed","ping_status":"closed","template":"","meta":{"_et_pb_use_builder":"on","_et_pb_old_content":"<p>[contact-form-7 id=\"6d3bebe\" title=\"Formularz 1_copy\"]<\/p><p>Klauzula <strong>RODO<\/strong>\u00a0 \/ do pobrania\u00a0<a href=\"http:\/\/www.euro-shipping.com.pl\/wp-content\/uploads\/2012\/09\/KLAUZULA-INFORMACYJNA-RODO.pdf\">KLAUZULA INFORMACYJNA RODO<\/a>\u00a0\/<\/p>","_et_gb_content_width":"","footnotes":""},"class_list":["post-2118","page","type-page","status-publish","hentry"],"_links":{"self":[{"href":"http:\/\/www.euro-shipping.com.pl\/index.php?rest_route=\/wp\/v2\/pages\/2118","targetHints":{"allow":["GET"]}}],"collection":[{"href":"http:\/\/www.euro-shipping.com.pl\/index.php?rest_route=\/wp\/v2\/pages"}],"about":[{"href":"http:\/\/www.euro-shipping.com.pl\/index.php?rest_route=\/wp\/v2\/types\/page"}],"author":[{"embeddable":true,"href":"http:\/\/www.euro-shipping.com.pl\/index.php?rest_route=\/wp\/v2\/users\/1"}],"replies":[{"embeddable":true,"href":"http:\/\/www.euro-shipping.com.pl\/index.php?rest_route=%2Fwp%2Fv2%2Fcomments&post=2118"}],"version-history":[{"count":37,"href":"http:\/\/www.euro-shipping.com.pl\/index.php?rest_route=\/wp\/v2\/pages\/2118\/revisions"}],"predecessor-version":[{"id":4701,"href":"http:\/\/www.euro-shipping.com.pl\/index.php?rest_route=\/wp\/v2\/pages\/2118\/revisions\/4701"}],"up":[{"embeddable":true,"href":"http:\/\/www.euro-shipping.com.pl\/index.php?rest_route=\/wp\/v2\/pages\/22"}],"wp:attachment":[{"href":"http:\/\/www.euro-shipping.com.pl\/index.php?rest_route=%2Fwp%2Fv2%2Fmedia&parent=2118"}],"curies":[{"name":"wp","href":"https:\/\/api.w.org\/{rel}","templated":true}]}}